{"id":487,"date":"2021-10-17T08:45:34","date_gmt":"2021-10-17T13:45:34","guid":{"rendered":"https:\/\/admision.unmsm.edu.pe\/portal\/?page_id=487"},"modified":"2024-11-08T09:50:32","modified_gmt":"2024-11-08T14:50:32","slug":"politica-de-privacidad","status":"publish","type":"page","link":"https:\/\/admision.unmsm.edu.pe\/portal\/politica-de-privacidad\/","title":{"rendered":"Pol\u00edtica de Privacidad"},"content":{"rendered":"\t\t<div data-elementor-type=\"wp-page\" data-elementor-id=\"487\" class=\"elementor elementor-487\">\n\t\t\t\t\t\t<section class=\"elementor-section elementor-top-section elementor-element elementor-element-31677e4 elementor-section-full_width elementor-section-height-default elementor-section-height-default\" data-id=\"31677e4\" data-element_type=\"section\" data-e-type=\"section\">\n\t\t\t\t\t\t\t<div class=\"elementor-background-overlay\"><\/div>\n\t\t\t\t\t\t\t<div class=\"elementor-container elementor-column-gap-default\">\n\t\t\t\t\t<div class=\"elementor-column elementor-col-100 elementor-top-column elementor-element elementor-element-8f554b4\" data-id=\"8f554b4\" data-element_type=\"column\" data-e-type=\"column\">\n\t\t\t<div class=\"elementor-widget-wrap elementor-element-populated\">\n\t\t\t\t\t\t<div class=\"elementor-element elementor-element-891a3e6 elementor-widget__width-initial elementor-widget elementor-widget-heading\" data-id=\"891a3e6\" data-element_type=\"widget\" data-e-type=\"widget\" data-widget_type=\"heading.default\">\n\t\t\t\t<div class=\"elementor-widget-container\">\n\t\t\t\t\t<h1 class=\"elementor-heading-title elementor-size-default\"><h3 data-elementor-setting-key=\"title\" data-pen-placeholder=\"Teclea aqu\u00ed...\" style=\"font-weight: var( --e-global-typography-primary-font-weight );font-family: Roboto, sans-serif;text-align: start\"><span style=\"font-family: var( --e-global-typography-primary-font-family ), Sans-serif;font-size: 30px;font-weight: var( --e-global-typography-primary-font-weight );text-align: center\">POL\u00cdTICA DE PRIVACIDAD Y CONFIDENCIALIDAD DE LOS DATOS PERSONALES<\/span><\/h3><\/h1>\t\t\t\t<\/div>\n\t\t\t\t<\/div>\n\t\t\t\t\t<\/div>\n\t\t<\/div>\n\t\t\t\t\t<\/div>\n\t\t<\/section>\n\t\t\t\t<section class=\"elementor-section elementor-top-section elementor-element elementor-element-3054a88b elementor-section-boxed elementor-section-height-default elementor-section-height-default\" data-id=\"3054a88b\" data-element_type=\"section\" data-e-type=\"section\">\n\t\t\t\t\t\t\t<div class=\"elementor-background-overlay\"><\/div>\n\t\t\t\t\t\t\t<div class=\"elementor-container elementor-column-gap-default\">\n\t\t\t\t\t<div class=\"elementor-column elementor-col-100 elementor-top-column elementor-element elementor-element-37251fb4\" data-id=\"37251fb4\" data-element_type=\"column\" data-e-type=\"column\">\n\t\t\t<div class=\"elementor-widget-wrap elementor-element-populated\">\n\t\t\t\t\t\t<div class=\"elementor-element elementor-element-12a87377 elementor-widget elementor-widget-text-editor\" data-id=\"12a87377\" data-element_type=\"widget\" data-e-type=\"widget\" data-widget_type=\"text-editor.default\">\n\t\t\t\t<div class=\"elementor-widget-container\">\n\t\t\t\t\t\t\t\t\t<p><\/p>\n<h1>1. OBJETIVO<\/h1>\n<p><\/p>\n<p>El objetivo de la presente pol\u00edtica es la declaraci\u00f3n y compromiso formal de la Oficina Central de Admisi\u00f3n de la Universidad Nacional Mayor de San Marcos (en adelante OCA-UNMSM), de asegurar la reserva, protecci\u00f3n, tratamiento y usos a los que se someten los datos de car\u00e1cter personal que se obtengan a trav\u00e9s del uso de los diferentes servicios prestados a trav\u00e9s de sus portales web.<\/p>\n<p><\/p>\n<h1 class=\"wp-block-heading\">2. ALCANCE<\/h1>\n<p><\/p>\n<p>La presente pol\u00edtica es de aplicaci\u00f3n para la p\u00e1ginas web y software administrados por la OCA-UNMSM y est\u00e9n al uso p\u00fablico.<\/p>\n<p><\/p>\n<h1 class=\"wp-block-heading\">3. REFERENCIAS NORMATIVAS<\/h1>\n<p><\/p>\n<p>3.1 Constituci\u00f3n Pol\u00edtica del Per\u00fa&nbsp;<\/p>\n<p><\/p>\n<p>3.2 Ley N\u00b0 29733 \u2013 Ley de Protecci\u00f3n de Datos Personales.<\/p>\n<p><\/p>\n<p>3.3 D.S. N\u00b0 003-2013-JUS \u2013 Reglamento de la Ley N\u00b0 29733.<\/p>\n<p><\/p>\n<p>3.4 Estatuto de la Universidad Nacional Mayor de San Marcos<\/p>\n<p><\/p>\n<p>3.5 Reglamento OCA-UNMSM<\/p>\n<p><\/p>\n<h1 class=\"wp-block-heading\">4. PRINCIPIOS RECTORES<\/h1>\n<p><\/p>\n<p>En la OCA-UNMSM respetamos los principios de protecci\u00f3n de datos personales.<\/p>\n<p><\/p>\n<p>4.1. Principio de legalidad, se rechaza la recopilaci\u00f3n de los datos personales de los usuarios por medios ilegales y fraudulentos.<\/p>\n<p><\/p>\n<p>4.2. Principio de consentimiento, se obtendr\u00e1 el consentimiento de los usuarios de manera libre, informado, expreso, inequ\u00edvoco y previo al tratamiento de sus datos personales.<\/p>\n<p><\/p>\n<p>4.3. Principio de finalidad, los datos personales de nuestros usuarios se recopilan para una finalidad determinada por la OCA-UNMSM, expl\u00edcita y l\u00edcita, y no se extender\u00e1 a otra finalidad que no haya sido la establecida de manera inequ\u00edvoca como tal al momento de su recopilaci\u00f3n.<\/p>\n<p><\/p>\n<p>4.4. Principio de proporcionalidad, todo tratamiento de datos personales de nuestros usuarios ser\u00e1 adecuado, relevante y no excesivo a la finalidad para la que estos hubiesen sido recopilados.<\/p>\n<p><\/p>\n<p>4.5. Principio de calidad, los datos personales que vayan a ser tratados ser\u00e1n veraces, exactos y, en la medida de lo posible, actualizados, necesarios, pertinentes y adecuados respecto de la finalidad para la que fueron recopilados. Se conservar\u00e1n de forma tal que se garantice su seguridad y solo por el tiempo necesario para cumplir con la finalidad del tratamiento.<\/p>\n<p><\/p>\n<p>4.6. Principio de seguridad, la OCA-UNMSM adopta las medidas t\u00e9cnicas, organizativas y legales de naturaleza nacional e internacional necesarias para garantizar la seguridad y confidencialidad de los datos personales. La OCA-UNMSM cuenta con las medidas de seguridad apropiadas y acordes con el tratamiento que se vaya a efectuar y con la categor\u00eda de datos personales de que se trate.<\/p>\n<p><\/p>\n<p><span style=\"color: rgb(34, 34, 34); font-family: Signika, sans-serif; font-size: 30px; font-weight: 600;\">5. DE LA DEFINICI\u00d3N DE DATOS PERSONALES<\/span><\/p>\n<p><\/p>\n<p>5.1. De acuerdo con la ley, se define el t\u00e9rmino Datos Personales como \u201caquella informaci\u00f3n num\u00e9rica, alfab\u00e9tica, gr\u00e1fica, fotogr\u00e1fica, ac\u00fastica, sobre h\u00e1bitos personales, o de cualquier otro tipo concerniente a las personas naturales que las identifica o las hace identificables a trav\u00e9s de medios que puedan ser razonablemente utilizados.\u201d La OCA-UNMSM considera como datos personales, a toda aquella informaci\u00f3n que el Usuario ingrese voluntariamente a trav\u00e9s de cualquiera de nuestros formularios en nuestros sitios web o la que se env\u00eda por correo electr\u00f3nico.<\/p>\n<p><\/p>\n<h1 class=\"wp-block-heading\">6. DE LA TITULARIDAD DE LA BASE DE DATOS<\/h1>\n<p><\/p>\n<p>6.1. Los datos personales que puedan ser suministrados a trav\u00e9s del sitio web u otro medio ser\u00e1n incorporados a los bancos de datos bajo la titularidad de la Universidad Nacional Mayor de San Marcos (UNMSM), inscritas ante el Registro Nacional de Datos Personales.<\/p>\n<p>6.2 La infomaci\u00f3n personal brindada por los usuarios ser\u00e1 almacenada en los siguientes bancos de datos, seg\u00fan corresponda:<\/p>\n<p><b>C\u00f3digo de Registro Titular del Banco de Datos:<\/b> RNPDP-EP N\u00b0 19954<\/p>\n<p><b>Denominaci\u00f3n:<\/b> POSTULANTES<\/p>\n<p><b>Ubicaci\u00f3n f\u00edsica:<\/b> Calle German Amezaga N\u00b0375, Lima, Lima.<\/p>\n<p><\/p>\n<h1 class=\"wp-block-heading\">7. DE LAS FINALIDADES DEL TRATAMIENTO DE LA INFORMACI\u00d3N<\/h1>\n<p><\/p>\n<p>7.1. De conformidad con la Ley N\u00b0 29733 &#8211; Ley de Protecci\u00f3n de Datos Personales y su Reglamento aprobado mediante D.S. 003-2013-JUS, el interesado otorgar\u00e1 su consentimiento expreso para que los datos personales que facilite se incorporen en el Banco de Datos Personales de la OCA-UNMSM y sean tratados por \u00e9sta con la finalidad de absolver sus consultas y brindarles informaci\u00f3n publicitaria, d\u00e1ndoles usos que incluyen temas referidos al an\u00e1lisis de perfiles, publicidad y prospecci\u00f3n comercial, fines estad\u00edsticos, hist\u00f3ricos, cient\u00edficos y educaci\u00f3n. El usuario autoriza a que la OCA-UNMSM mantenga sus datos personales en el banco de datos referido en tanto sean \u00fatiles para la finalidad y usos antes mencionados.<\/p>\n<p><\/p>\n<h1 class=\"wp-block-heading\">8. DE LA DECLARACI\u00d3N DE PRIVACIDAD<\/h1>\n<p><\/p>\n<p>8.1. La OCA-UNMSM no recopila datos personales sobre el Usuario, excepto cuando \u00e9l mismo brinde informaci\u00f3n voluntariamente, al registrarse en alguna de nuestras aplicaciones web o cuando env\u00ede un correo electr\u00f3nico u otra comunicaci\u00f3n dirigida a la OCA-UNMSM. La OCA-UNMSM no procesar\u00e1 ni transferir\u00e1 los datos personales sin previo consentimiento del Usuario.<\/p>\n<p><\/p>\n<h1 class=\"wp-block-heading\">9. DE LA SEGURIDAD Y CONFIDENCIALIDAD DE LOS DATOS<br><\/h1>\n<p><\/p>\n<p>9.1. La OCA-UNMSM se compromete a cumplir con los est\u00e1ndares de seguridad y confidencialidad necesarios para asegurar la confiabilidad, integridad y disponibilidad de la informaci\u00f3n recopilada de los usuarios. El Usuario es el \u00fanico responsable de suministrar sus datos personales a la OCA-UNMSM.<\/p>\n<p><\/p>\n<h1 class=\"wp-block-heading\">10. DE LOS DERECHOS DE LOS USUARIOS (Derechos ARCO)<\/h1>\n<p><\/p>\n<p>10.1. De conformidad con la Ley, el&nbsp;usuario&nbsp;podr\u00e1 solicitar, en cualquier momento, sus derechos de acceso, actualizaci\u00f3n, rectificaci\u00f3n, inclusi\u00f3n, oposici\u00f3n y supresi\u00f3n o cancelaci\u00f3n de datos personales enviando una solicitud a la direcci\u00f3n de correo electr\u00f3nico&nbsp;<a href=\"mailto:mesadepartes.oca@unmsm.edu.pe\" target=\"_blank\" rel=\"noopener\">mesadepartes.oca@unmsm.edu.pe<\/a>&nbsp;o present\u00e1ndose f\u00edsicamente en Calle Germ\u00e1n Am\u00e9zaga 375, Lima, Per\u00fa (puerta de la Oficina Central de Admisi\u00f3n en la Ciudad Universitaria), debiendo adjuntar en ambos casos una copia de su DNI.<\/p>\n<p><\/p>\n<h1 class=\"wp-block-heading\">11. DEL CONSENTIMIENTO DEL USUARIO Y ACEPTACI\u00d3N DE LOS T\u00c9RMINOS<\/h1>\n<p><\/p>\n<p>11.1. Esta declaraci\u00f3n de privacidad y confidencialidad descrita en la presente pol\u00edtica constituye un acuerdo v\u00e1lido entre el Usuario y la OCA-UNMSM, que confirma el conocimiento, previo, informado, expreso e inequ\u00edvoco por parte del Usuario de lo expuesto con los fines expresados.<\/p>\n<p><\/p>\n<p>En relaci\u00f3n a lo anterior, el usuario acepta y consiente que tales datos, los cuales son veraces y actuales, sean tratados por la OCA-UNMSM, considerando los principios de legalidad, consentimiento, proporcionalidad, calidad, seguridad y los dem\u00e1s presentes en la normativa vigente referente a Protecci\u00f3n de Datos Personales.<\/p>\n<p><\/p>\n<p><\/p>\n<p><\/p>\t\t\t\t\t\t\t\t<\/div>\n\t\t\t\t<\/div>\n\t\t\t\t\t<\/div>\n\t\t<\/div>\n\t\t\t\t\t<\/div>\n\t\t<\/section>\n\t\t\t\t<\/div>\n\t\t","protected":false},"excerpt":{"rendered":"<p>POL\u00cdTICA DE PRIVACIDAD Y CONFIDENCIALIDAD DE LOS DATOS PERSONALES 1. OBJETIVO El objetivo de la presente pol\u00edtica es la declaraci\u00f3n y compromiso formal de la Oficina Central de Admisi\u00f3n de la Universidad Nacional Mayor de San Marcos (en adelante OCA-UNMSM),&hellip;&nbsp;<a href=\"https:\/\/admision.unmsm.edu.pe\/portal\/politica-de-privacidad\/\" class=\"more-link\">Read More<\/a><\/p>\n","protected":false},"author":1,"featured_media":0,"parent":0,"menu_order":0,"comment_status":"closed","ping_status":"closed","template":"templates\/builder.php","meta":{"footnotes":""},"class_list":["post-487","page","type-page","status-publish","hentry"],"_links":{"self":[{"href":"https:\/\/admision.unmsm.edu.pe\/portal\/wp-json\/wp\/v2\/pages\/487","targetHints":{"allow":["GET"]}}],"collection":[{"href":"https:\/\/admision.unmsm.edu.pe\/portal\/wp-json\/wp\/v2\/pages"}],"about":[{"href":"https:\/\/admision.unmsm.edu.pe\/portal\/wp-json\/wp\/v2\/types\/page"}],"author":[{"embeddable":true,"href":"https:\/\/admision.unmsm.edu.pe\/portal\/wp-json\/wp\/v2\/users\/1"}],"replies":[{"embeddable":true,"href":"https:\/\/admision.unmsm.edu.pe\/portal\/wp-json\/wp\/v2\/comments?post=487"}],"version-history":[{"count":32,"href":"https:\/\/admision.unmsm.edu.pe\/portal\/wp-json\/wp\/v2\/pages\/487\/revisions"}],"predecessor-version":[{"id":2454,"href":"https:\/\/admision.unmsm.edu.pe\/portal\/wp-json\/wp\/v2\/pages\/487\/revisions\/2454"}],"wp:attachment":[{"href":"https:\/\/admision.unmsm.edu.pe\/portal\/wp-json\/wp\/v2\/media?parent=487"}],"curies":[{"name":"wp","href":"https:\/\/api.w.org\/{rel}","templated":true}]}}